{"id":442,"date":"2015-01-13T12:51:24","date_gmt":"2015-01-13T11:51:24","guid":{"rendered":"https:\/\/brookskiado.hu\/?page_id=442"},"modified":"2022-06-12T17:16:12","modified_gmt":"2022-06-12T15:16:12","slug":"blog","status":"publish","type":"page","link":"https:\/\/duncanshelley.com\/en\/blog\/","title":{"rendered":"Blog"},"content":{"rendered":"","protected":false},"excerpt":{"rendered":"","protected":false},"author":2,"featured_media":0,"parent":0,"menu_order":0,"comment_status":"closed","ping_status":"closed","template":"","meta":{"_acf_changed":false,"_genesis_hide_title":false,"_genesis_hide_breadcrumbs":false,"_genesis_hide_singular_image":false,"_genesis_hide_footer_widgets":false,"_genesis_custom_body_class":"","_genesis_custom_post_class":"","_genesis_layout":"sidebar-content","footnotes":""},"class_list":{"0":"post-442","1":"page","2":"type-page","3":"status-publish","5":"entry"},"acf":[],"yoast_head":"<!-- This site is optimized with the Yoast SEO Premium plugin v27.4 (Yoast SEO v27.4) - https:\/\/yoast.com\/product\/yoast-seo-premium-wordpress\/ -->\n<title>Blog - Duncan Shelley K\u00f6nyvesbolt<\/title>\n<meta name=\"description\" content=\"Az ezot\u00e9ria a l\u00e9tez\u0151 vil\u00e1gunk r\u00e9sze, mindny\u00e1jan m\u00e1gusok vagyunk \u00e9s k\u00e9pesek vagyunk var\u00e1zsolni, ahogy Amer, a var\u00e1zsl\u00f3.\" \/>\n<meta name=\"robots\" content=\"index, follow, max-snippet:-1, max-image-preview:large, max-video-preview:-1\" \/>\n<link rel=\"canonical\" href=\"https:\/\/duncanshelley.com\/en\/blog\/\" \/>\n<meta property=\"og:locale\" content=\"en_US\" \/>\n<meta property=\"og:type\" content=\"article\" \/>\n<meta property=\"og:title\" content=\"Blog\" \/>\n<meta property=\"og:description\" content=\"Az ezot\u00e9ria a l\u00e9tez\u0151 vil\u00e1gunk r\u00e9sze, mindny\u00e1jan m\u00e1gusok vagyunk \u00e9s k\u00e9pesek vagyunk var\u00e1zsolni, ahogy Amer, a var\u00e1zsl\u00f3.\" \/>\n<meta property=\"og:url\" content=\"https:\/\/duncanshelley.com\/en\/blog\/\" \/>\n<meta property=\"og:site_name\" content=\"Duncan Shelley K\u00f6nyvesbolt\" \/>\n<meta property=\"article:modified_time\" content=\"2022-06-12T15:16:12+00:00\" \/>\n<script type=\"application\/ld+json\" class=\"yoast-schema-graph\">{\"@context\":\"https:\\\/\\\/schema.org\",\"@graph\":[{\"@type\":\"WebPage\",\"@id\":\"https:\\\/\\\/duncanshelley.com\\\/blog\\\/\",\"url\":\"https:\\\/\\\/duncanshelley.com\\\/blog\\\/\",\"name\":\"Blog - Duncan Shelley K\u00f6nyvesbolt\",\"isPartOf\":{\"@id\":\"https:\\\/\\\/duncanshelley.com\\\/#website\"},\"datePublished\":\"2015-01-13T11:51:24+00:00\",\"dateModified\":\"2022-06-12T15:16:12+00:00\",\"description\":\"Az ezot\u00e9ria a l\u00e9tez\u0151 vil\u00e1gunk r\u00e9sze, mindny\u00e1jan m\u00e1gusok vagyunk \u00e9s k\u00e9pesek vagyunk var\u00e1zsolni, ahogy Amer, a var\u00e1zsl\u00f3.\",\"breadcrumb\":{\"@id\":\"https:\\\/\\\/duncanshelley.com\\\/blog\\\/#breadcrumb\"},\"inLanguage\":\"en-US\",\"potentialAction\":[{\"@type\":\"ReadAction\",\"target\":[\"https:\\\/\\\/duncanshelley.com\\\/blog\\\/\"]}]},{\"@type\":\"BreadcrumbList\",\"@id\":\"https:\\\/\\\/duncanshelley.com\\\/blog\\\/#breadcrumb\",\"itemListElement\":[{\"@type\":\"ListItem\",\"position\":1,\"name\":\"Kezd\u0151lap\",\"item\":\"https:\\\/\\\/duncanshelley.com\\\/\"},{\"@type\":\"ListItem\",\"position\":2,\"name\":\"Blog\"}]},{\"@type\":\"WebSite\",\"@id\":\"https:\\\/\\\/duncanshelley.com\\\/#website\",\"url\":\"https:\\\/\\\/duncanshelley.com\\\/\",\"name\":\"Duncan Shelley K\u00f6nyvesbolt\",\"description\":\"\",\"potentialAction\":[{\"@type\":\"SearchAction\",\"target\":{\"@type\":\"EntryPoint\",\"urlTemplate\":\"https:\\\/\\\/duncanshelley.com\\\/?s={search_term_string}\"},\"query-input\":{\"@type\":\"PropertyValueSpecification\",\"valueRequired\":true,\"valueName\":\"search_term_string\"}}],\"inLanguage\":\"en-US\"}]}<\/script>\n<!-- \/ Yoast SEO Premium plugin. -->","yoast_head_json":{"title":"Blog - Duncan Shelley K\u00f6nyvesbolt","description":"Az ezot\u00e9ria a l\u00e9tez\u0151 vil\u00e1gunk r\u00e9sze, mindny\u00e1jan m\u00e1gusok vagyunk \u00e9s k\u00e9pesek vagyunk var\u00e1zsolni, ahogy Amer, a var\u00e1zsl\u00f3.","robots":{"index":"index","follow":"follow","max-snippet":"max-snippet:-1","max-image-preview":"max-image-preview:large","max-video-preview":"max-video-preview:-1"},"canonical":"https:\/\/duncanshelley.com\/en\/blog\/","og_locale":"en_US","og_type":"article","og_title":"Blog","og_description":"Az ezot\u00e9ria a l\u00e9tez\u0151 vil\u00e1gunk r\u00e9sze, mindny\u00e1jan m\u00e1gusok vagyunk \u00e9s k\u00e9pesek vagyunk var\u00e1zsolni, ahogy Amer, a var\u00e1zsl\u00f3.","og_url":"https:\/\/duncanshelley.com\/en\/blog\/","og_site_name":"Duncan Shelley K\u00f6nyvesbolt","article_modified_time":"2022-06-12T15:16:12+00:00","schema":{"@context":"https:\/\/schema.org","@graph":[{"@type":"WebPage","@id":"https:\/\/duncanshelley.com\/blog\/","url":"https:\/\/duncanshelley.com\/blog\/","name":"Blog - Duncan Shelley K\u00f6nyvesbolt","isPartOf":{"@id":"https:\/\/duncanshelley.com\/#website"},"datePublished":"2015-01-13T11:51:24+00:00","dateModified":"2022-06-12T15:16:12+00:00","description":"Az ezot\u00e9ria a l\u00e9tez\u0151 vil\u00e1gunk r\u00e9sze, mindny\u00e1jan m\u00e1gusok vagyunk \u00e9s k\u00e9pesek vagyunk var\u00e1zsolni, ahogy Amer, a var\u00e1zsl\u00f3.","breadcrumb":{"@id":"https:\/\/duncanshelley.com\/blog\/#breadcrumb"},"inLanguage":"en-US","potentialAction":[{"@type":"ReadAction","target":["https:\/\/duncanshelley.com\/blog\/"]}]},{"@type":"BreadcrumbList","@id":"https:\/\/duncanshelley.com\/blog\/#breadcrumb","itemListElement":[{"@type":"ListItem","position":1,"name":"Kezd\u0151lap","item":"https:\/\/duncanshelley.com\/"},{"@type":"ListItem","position":2,"name":"Blog"}]},{"@type":"WebSite","@id":"https:\/\/duncanshelley.com\/#website","url":"https:\/\/duncanshelley.com\/","name":"Duncan Shelley K\u00f6nyvesbolt","description":"","potentialAction":[{"@type":"SearchAction","target":{"@type":"EntryPoint","urlTemplate":"https:\/\/duncanshelley.com\/?s={search_term_string}"},"query-input":{"@type":"PropertyValueSpecification","valueRequired":true,"valueName":"search_term_string"}}],"inLanguage":"en-US"}]}},"featured_image_src":null,"featured_image_src_square":null,"_links":{"self":[{"href":"https:\/\/duncanshelley.com\/en\/wp-json\/wp\/v2\/pages\/442","targetHints":{"allow":["GET"]}}],"collection":[{"href":"https:\/\/duncanshelley.com\/en\/wp-json\/wp\/v2\/pages"}],"about":[{"href":"https:\/\/duncanshelley.com\/en\/wp-json\/wp\/v2\/types\/page"}],"author":[{"embeddable":true,"href":"https:\/\/duncanshelley.com\/en\/wp-json\/wp\/v2\/users\/2"}],"replies":[{"embeddable":true,"href":"https:\/\/duncanshelley.com\/en\/wp-json\/wp\/v2\/comments?post=442"}],"version-history":[{"count":3,"href":"https:\/\/duncanshelley.com\/en\/wp-json\/wp\/v2\/pages\/442\/revisions"}],"predecessor-version":[{"id":2594,"href":"https:\/\/duncanshelley.com\/en\/wp-json\/wp\/v2\/pages\/442\/revisions\/2594"}],"wp:attachment":[{"href":"https:\/\/duncanshelley.com\/en\/wp-json\/wp\/v2\/media?parent=442"}],"curies":[{"name":"wp","href":"https:\/\/api.w.org\/{rel}","templated":true}]}}