{"id":27284,"date":"2025-09-10T19:39:02","date_gmt":"2025-09-10T17:39:02","guid":{"rendered":"https:\/\/duncanshelley.com\/?page_id=27284"},"modified":"2025-09-10T19:39:04","modified_gmt":"2025-09-10T17:39:04","slug":"ebook-utmutato","status":"publish","type":"page","link":"https:\/\/duncanshelley.com\/en\/ebook-utmutato\/","title":{"rendered":"eBook \u00fatmutat\u00f3"},"content":{"rendered":"<p>K\u00f6sz\u00f6nj\u00fck, hogy megv\u00e1s\u00e1rolta e-bookunkat! Az al\u00e1bbiakban bemutatjuk, hogyan tudja olvasni a megv\u00e1s\u00e1rolt e-bookot a k\u00fcl\u00f6nb\u00f6z\u0151 eszk\u00f6z\u00f6k\u00f6n.<\/p>\n\n\n\n<h2 class=\"wp-block-heading\" id=\"h-1-e-book-letoltese\">1. E-book Let\u00f6lt\u00e9se<\/h2>\n\n\n\n<p>Miut\u00e1n befejezte a v\u00e1s\u00e1rl\u00e1st, az e-bookot el\u00e9rheti a rendel\u00e9si visszaigazol\u00e1s e-mailj\u00e9ben tal\u00e1lhat\u00f3 let\u00f6lt\u00e9si linken kereszt\u00fcl. Kattintson a linkre, \u00e9s t\u00f6ltse le a f\u00e1jlt a sz\u00e1m\u00edt\u00f3g\u00e9p\u00e9re vagy mobileszk\u00f6z\u00e9re.<\/p>\n\n\n\n<h2 class=\"wp-block-heading\" id=\"h-2-e-book-olvasasa\">2. E-book Olvas\u00e1sa<\/h2>\n\n\n\n<ol class=\"wp-block-list\"><\/ol>\n\n\n\n<h3 class=\"wp-block-heading\" id=\"h-szamitogepen-vagy-okostelefonon\">Sz\u00e1m\u00edt\u00f3g\u00e9pen vagy okostelefonon<\/h3>\n\n\n\n<ul class=\"wp-block-list\">\n<li>ePub: Haszn\u00e1ljon ePub-olvas\u00f3 programot, mint p\u00e9ld\u00e1ul Calibre vagy Sumatra PDF vagy<\/li>\n\n\n\n<li>Telep\u00edtse az ePub-alkalmaz\u00e1sokat, mint p\u00e9ld\u00e1ul az Apple Books (iOS) vagy a Google Play K\u00f6nyvek (Android).<\/li>\n<\/ul>\n\n\n\n<h3 class=\"wp-block-heading\" id=\"h-e-olvason\">E-olvas\u00f3n:<\/h3>\n\n\n\n<ul class=\"wp-block-list\">\n<li>ePub\/Mobi: T\u00f6ltse fel a f\u00e1jlt a sz\u00e1m\u00edt\u00f3g\u00e9p\u00e9r\u0151l az e-olvas\u00f3j\u00e1ra USB csatlakoz\u00f3n kereszt\u00fcl. Haszn\u00e1lja a gy\u00e1rt\u00f3 \u00e1ltal aj\u00e1nlott szoftvert a f\u00e1jlok \u00e1tvitel\u00e9re.<\/li>\n<\/ul>\n\n\n\n<h2 class=\"wp-block-heading\" id=\"h-3-tippek-az-olvasashoz\">3. Tippek az Olvas\u00e1shoz<\/h2>\n\n\n\n<ul class=\"wp-block-list\">\n<li>Gy\u0151z\u0151dj\u00f6n meg arr\u00f3l, hogy az olvas\u00f3eszk\u00f6z akkumul\u00e1tora fel van t\u00f6ltve!<\/li>\n\n\n\n<li>\u00c1ll\u00edtsa be a bet\u0171m\u00e9retet \u00e9s a vil\u00e1g\u00edt\u00e1st, hogy a legk\u00e9nyelmesebb olvas\u00e1si \u00e9lm\u00e9nyt ny\u00fajtsa.<\/li>\n\n\n\n<li>Haszn\u00e1lja a k\u00f6nyvjelz\u0151k \u00e9s a megjegyz\u00e9sek funkci\u00f3kat a fontos r\u00e9szek kiemel\u00e9s\u00e9re.<\/li>\n<\/ul>\n\n\n\n<h2 class=\"wp-block-heading\" id=\"h-4-tovabbi-segitseg\">4. Tov\u00e1bbi Seg\u00edts\u00e9g<\/h2>\n\n\n\n<p>Ha b\u00e1rmilyen k\u00e9rd\u00e9se van az e-book olvas\u00e1s\u00e1val kapcsolatban vagy technikai probl\u00e9m\u00e1t tapasztal, k\u00e9rj\u00fck, l\u00e9pjen kapcsolatba \u00fcgyf\u00e9lszolg\u00e1latunkkal a brandingkiado@gmail.com e-mail c\u00edmen.<\/p>\n\n\n\n<p>Kellemes olvas\u00e1st k\u00edv\u00e1nunk!<\/p>","protected":false},"excerpt":{"rendered":"<p>K\u00f6sz\u00f6nj\u00fck, hogy megv\u00e1s\u00e1rolta e-bookunkat! Az al\u00e1bbiakban bemutatjuk, hogyan tudja olvasni a megv\u00e1s\u00e1rolt e-bookot a k\u00fcl\u00f6nb\u00f6z\u0151 eszk\u00f6z\u00f6k\u00f6n. 1. E-book Let\u00f6lt\u00e9se Miut\u00e1n <a class=\"read-more\" href=\"https:\/\/duncanshelley.com\/en\/ebook-utmutato\/\">Tov\u00e1bb &raquo;<\/a><\/p>","protected":false},"author":4135,"featured_media":0,"parent":0,"menu_order":0,"comment_status":"closed","ping_status":"closed","template":"","meta":{"_acf_changed":false,"_genesis_hide_title":false,"_genesis_hide_breadcrumbs":false,"_genesis_hide_singular_image":false,"_genesis_hide_footer_widgets":false,"_genesis_custom_body_class":"","_genesis_custom_post_class":"","_genesis_layout":"","footnotes":""},"class_list":{"0":"post-27284","1":"page","2":"type-page","3":"status-publish","5":"entry"},"acf":[],"yoast_head":"<!-- This site is optimized with the Yoast SEO Premium plugin v27.4 (Yoast SEO v27.4) - https:\/\/yoast.com\/product\/yoast-seo-premium-wordpress\/ -->\n<title>eBook \u00fatmutat\u00f3 - Duncan Shelley K\u00f6nyvesbolt<\/title>\n<meta name=\"robots\" content=\"index, follow, max-snippet:-1, max-image-preview:large, max-video-preview:-1\" \/>\n<link rel=\"canonical\" href=\"https:\/\/duncanshelley.com\/en\/ebook-utmutato\/\" \/>\n<meta property=\"og:locale\" content=\"en_US\" \/>\n<meta property=\"og:type\" content=\"article\" \/>\n<meta property=\"og:title\" content=\"eBook \u00fatmutat\u00f3\" \/>\n<meta property=\"og:description\" content=\"K\u00f6sz\u00f6nj\u00fck, hogy megv\u00e1s\u00e1rolta e-bookunkat! Az al\u00e1bbiakban bemutatjuk, hogyan tudja olvasni a megv\u00e1s\u00e1rolt e-bookot a k\u00fcl\u00f6nb\u00f6z\u0151 eszk\u00f6z\u00f6k\u00f6n. 1. E-book Let\u00f6lt\u00e9se Miut\u00e1n Tov\u00e1bb &raquo;\" \/>\n<meta property=\"og:url\" content=\"https:\/\/duncanshelley.com\/en\/ebook-utmutato\/\" \/>\n<meta property=\"og:site_name\" content=\"Duncan Shelley K\u00f6nyvesbolt\" \/>\n<meta property=\"article:modified_time\" content=\"2025-09-10T17:39:04+00:00\" \/>\n<meta name=\"twitter:label1\" content=\"Est. reading time\" \/>\n\t<meta name=\"twitter:data1\" content=\"1 minute\" \/>\n<script type=\"application\/ld+json\" class=\"yoast-schema-graph\">{\"@context\":\"https:\\\/\\\/schema.org\",\"@graph\":[{\"@type\":\"WebPage\",\"@id\":\"https:\\\/\\\/duncanshelley.com\\\/ebook-utmutato\\\/\",\"url\":\"https:\\\/\\\/duncanshelley.com\\\/ebook-utmutato\\\/\",\"name\":\"eBook \u00fatmutat\u00f3 - Duncan Shelley K\u00f6nyvesbolt\",\"isPartOf\":{\"@id\":\"https:\\\/\\\/duncanshelley.com\\\/#website\"},\"datePublished\":\"2025-09-10T17:39:02+00:00\",\"dateModified\":\"2025-09-10T17:39:04+00:00\",\"breadcrumb\":{\"@id\":\"https:\\\/\\\/duncanshelley.com\\\/ebook-utmutato\\\/#breadcrumb\"},\"inLanguage\":\"en-US\",\"potentialAction\":[{\"@type\":\"ReadAction\",\"target\":[\"https:\\\/\\\/duncanshelley.com\\\/ebook-utmutato\\\/\"]}]},{\"@type\":\"BreadcrumbList\",\"@id\":\"https:\\\/\\\/duncanshelley.com\\\/ebook-utmutato\\\/#breadcrumb\",\"itemListElement\":[{\"@type\":\"ListItem\",\"position\":1,\"name\":\"Kezd\u0151lap\",\"item\":\"https:\\\/\\\/duncanshelley.com\\\/\"},{\"@type\":\"ListItem\",\"position\":2,\"name\":\"eBook \u00fatmutat\u00f3\"}]},{\"@type\":\"WebSite\",\"@id\":\"https:\\\/\\\/duncanshelley.com\\\/#website\",\"url\":\"https:\\\/\\\/duncanshelley.com\\\/\",\"name\":\"Duncan Shelley K\u00f6nyvesbolt\",\"description\":\"\",\"potentialAction\":[{\"@type\":\"SearchAction\",\"target\":{\"@type\":\"EntryPoint\",\"urlTemplate\":\"https:\\\/\\\/duncanshelley.com\\\/?s={search_term_string}\"},\"query-input\":{\"@type\":\"PropertyValueSpecification\",\"valueRequired\":true,\"valueName\":\"search_term_string\"}}],\"inLanguage\":\"en-US\"}]}<\/script>\n<!-- \/ Yoast SEO Premium plugin. -->","yoast_head_json":{"title":"eBook \u00fatmutat\u00f3 - Duncan Shelley K\u00f6nyvesbolt","robots":{"index":"index","follow":"follow","max-snippet":"max-snippet:-1","max-image-preview":"max-image-preview:large","max-video-preview":"max-video-preview:-1"},"canonical":"https:\/\/duncanshelley.com\/en\/ebook-utmutato\/","og_locale":"en_US","og_type":"article","og_title":"eBook \u00fatmutat\u00f3","og_description":"K\u00f6sz\u00f6nj\u00fck, hogy megv\u00e1s\u00e1rolta e-bookunkat! Az al\u00e1bbiakban bemutatjuk, hogyan tudja olvasni a megv\u00e1s\u00e1rolt e-bookot a k\u00fcl\u00f6nb\u00f6z\u0151 eszk\u00f6z\u00f6k\u00f6n. 1. E-book Let\u00f6lt\u00e9se Miut\u00e1n Tov\u00e1bb &raquo;","og_url":"https:\/\/duncanshelley.com\/en\/ebook-utmutato\/","og_site_name":"Duncan Shelley K\u00f6nyvesbolt","article_modified_time":"2025-09-10T17:39:04+00:00","twitter_misc":{"Est. reading time":"1 minute"},"schema":{"@context":"https:\/\/schema.org","@graph":[{"@type":"WebPage","@id":"https:\/\/duncanshelley.com\/ebook-utmutato\/","url":"https:\/\/duncanshelley.com\/ebook-utmutato\/","name":"eBook \u00fatmutat\u00f3 - Duncan Shelley K\u00f6nyvesbolt","isPartOf":{"@id":"https:\/\/duncanshelley.com\/#website"},"datePublished":"2025-09-10T17:39:02+00:00","dateModified":"2025-09-10T17:39:04+00:00","breadcrumb":{"@id":"https:\/\/duncanshelley.com\/ebook-utmutato\/#breadcrumb"},"inLanguage":"en-US","potentialAction":[{"@type":"ReadAction","target":["https:\/\/duncanshelley.com\/ebook-utmutato\/"]}]},{"@type":"BreadcrumbList","@id":"https:\/\/duncanshelley.com\/ebook-utmutato\/#breadcrumb","itemListElement":[{"@type":"ListItem","position":1,"name":"Kezd\u0151lap","item":"https:\/\/duncanshelley.com\/"},{"@type":"ListItem","position":2,"name":"eBook \u00fatmutat\u00f3"}]},{"@type":"WebSite","@id":"https:\/\/duncanshelley.com\/#website","url":"https:\/\/duncanshelley.com\/","name":"Duncan Shelley K\u00f6nyvesbolt","description":"","potentialAction":[{"@type":"SearchAction","target":{"@type":"EntryPoint","urlTemplate":"https:\/\/duncanshelley.com\/?s={search_term_string}"},"query-input":{"@type":"PropertyValueSpecification","valueRequired":true,"valueName":"search_term_string"}}],"inLanguage":"en-US"}]}},"featured_image_src":null,"featured_image_src_square":null,"_links":{"self":[{"href":"https:\/\/duncanshelley.com\/en\/wp-json\/wp\/v2\/pages\/27284","targetHints":{"allow":["GET"]}}],"collection":[{"href":"https:\/\/duncanshelley.com\/en\/wp-json\/wp\/v2\/pages"}],"about":[{"href":"https:\/\/duncanshelley.com\/en\/wp-json\/wp\/v2\/types\/page"}],"author":[{"embeddable":true,"href":"https:\/\/duncanshelley.com\/en\/wp-json\/wp\/v2\/users\/4135"}],"replies":[{"embeddable":true,"href":"https:\/\/duncanshelley.com\/en\/wp-json\/wp\/v2\/comments?post=27284"}],"version-history":[{"count":1,"href":"https:\/\/duncanshelley.com\/en\/wp-json\/wp\/v2\/pages\/27284\/revisions"}],"predecessor-version":[{"id":27285,"href":"https:\/\/duncanshelley.com\/en\/wp-json\/wp\/v2\/pages\/27284\/revisions\/27285"}],"wp:attachment":[{"href":"https:\/\/duncanshelley.com\/en\/wp-json\/wp\/v2\/media?parent=27284"}],"curies":[{"name":"wp","href":"https:\/\/api.w.org\/{rel}","templated":true}]}}